{"id":45,"date":"2022-04-07T18:29:30","date_gmt":"2022-04-07T18:29:30","guid":{"rendered":"http:\/\/grammax.com.br\/?page_id=45"},"modified":"2022-08-09T15:50:20","modified_gmt":"2022-08-09T15:50:20","slug":"produtos","status":"publish","type":"page","link":"http:\/\/grammax.com.br\/?page_id=45","title":{"rendered":"PRODUTOS"},"content":{"rendered":"\t\t<div data-elementor-type=\"wp-page\" data-elementor-id=\"45\" class=\"elementor elementor-45\">\n\t\t\t\t\t\t\t\t\t<section class=\"elementor-section elementor-top-section elementor-element elementor-element-4cb688c elementor-section-boxed elementor-section-height-default elementor-section-height-default\" data-id=\"4cb688c\" data-element_type=\"section\">\n\t\t\t\t\t\t<div class=\"elementor-container elementor-column-gap-default\">\n\t\t\t\t\t<div class=\"elementor-column elementor-col-100 elementor-top-column elementor-element elementor-element-57ff4143\" data-id=\"57ff4143\" data-element_type=\"column\">\n\t\t\t<div class=\"elementor-widget-wrap elementor-element-populated\">\n\t\t\t\t\t\t\t\t<div class=\"elementor-element elementor-element-26a51b70 elementor-widget elementor-widget-text-editor\" data-id=\"26a51b70\" data-element_type=\"widget\" data-widget_type=\"text-editor.default\">\n\t\t\t\t<div class=\"elementor-widget-container\">\n\t\t\t<style>\/*! elementor - v3.6.2 - 04-04-2022 *\/\n.elementor-widget-text-editor.elementor-drop-cap-view-stacked .elementor-drop-cap{background-color:#818a91;color:#fff}.elementor-widget-text-editor.elementor-drop-cap-view-framed .elementor-drop-cap{color:#818a91;border:3px solid;background-color:transparent}.elementor-widget-text-editor:not(.elementor-drop-cap-view-default) .elementor-drop-cap{margin-top:8px}.elementor-widget-text-editor:not(.elementor-drop-cap-view-default) .elementor-drop-cap-letter{width:1em;height:1em}.elementor-widget-text-editor .elementor-drop-cap{float:left;text-align:center;line-height:1;font-size:50px}.elementor-widget-text-editor .elementor-drop-cap-letter{display:inline-block}<\/style>\t\t\t\t<!-- wp:paragraph -->\n<p>\u00a0<\/p>\n<!-- \/wp:paragraph --><!-- wp:media-text {\"mediaId\":406,\"mediaLink\":\"http:\/\/grammax.com.br\/?attachment_id=406\",\"linkDestination\":\"custom\",\"mediaType\":\"image\",\"mediaWidth\":29} -->\n<div class=\"wp-block-media-text alignwide is-stacked-on-mobile\" style=\"grid-template-columns: 29% auto;\">\n<figure class=\"wp-block-media-text__media\"><a href=\"http:\/\/grammax.com.br\/wp-content\/uploads\/2022\/04\/1-3.png\" target=\"_blank\" rel=\"http:\/\/grammax.com.br\/wp-content\/uploads\/2022\/04\/1-3.png noopener\"><img loading=\"lazy\" width=\"1024\" height=\"1024\" class=\"wp-image-406 size-full\" src=\"http:\/\/grammax.com.br\/wp-content\/uploads\/2022\/08\/1-1024x1024.png\" alt=\"\" srcset=\"http:\/\/grammax.com.br\/wp-content\/uploads\/2022\/08\/1-1024x1024.png 1024w, http:\/\/grammax.com.br\/wp-content\/uploads\/2022\/08\/1-300x300.png 300w, http:\/\/grammax.com.br\/wp-content\/uploads\/2022\/08\/1-150x150.png 150w, http:\/\/grammax.com.br\/wp-content\/uploads\/2022\/08\/1-768x768.png 768w, http:\/\/grammax.com.br\/wp-content\/uploads\/2022\/08\/1-60x60.png 60w, http:\/\/grammax.com.br\/wp-content\/uploads\/2022\/08\/1.png 1080w\" sizes=\"(max-width: 1024px) 100vw, 1024px\" \/><\/a><\/figure>\n<div class=\"wp-block-media-text__content\">\n<p class=\"has-text-color has-large-font-size\" style=\"color: #0e8800;\"><strong>Grampo 6\/4<\/strong><\/p>\n<p>Os grampos para alceadores s\u00e3o confeccionados sem excesso de cola e com mat\u00e9rias primas de alta qualidade, proporcionando maciez ao produto o que facilita o grampeamento.\u00a0<\/p>\n<p>A embalagem contem 4.800 grampos.<\/p>\n<\/div>\n<\/div>\n<p>\u00a0<\/p>\n<div class=\"wp-block-media-text alignwide is-stacked-on-mobile\" style=\"grid-template-columns: 29% auto;\">\n<p>\u00a0<\/p>\n<\/div>\n<!-- \/wp:group --><!-- wp:media-text {\"mediaId\":408,\"mediaLink\":\"http:\/\/grammax.com.br\/?attachment_id=408\",\"linkDestination\":\"custom\",\"mediaType\":\"image\",\"mediaWidth\":29} -->\n<div class=\"wp-block-media-text alignwide is-stacked-on-mobile\" style=\"grid-template-columns: 29% auto;\">\n<figure class=\"wp-block-media-text__media\"><a href=\"http:\/\/grammax.com.br\/wp-content\/uploads\/2022\/04\/2-1.png\" target=\"_blank\" rel=\"http:\/\/grammax.com.br\/wp-content\/uploads\/2022\/04\/2-1.png noopener\"><img loading=\"lazy\" width=\"1024\" height=\"1024\" class=\"wp-image-408 size-full\" src=\"http:\/\/grammax.com.br\/wp-content\/uploads\/2022\/08\/2-1-1024x1024.png\" alt=\"\" srcset=\"http:\/\/grammax.com.br\/wp-content\/uploads\/2022\/08\/2-1-1024x1024.png 1024w, http:\/\/grammax.com.br\/wp-content\/uploads\/2022\/08\/2-1-300x300.png 300w, http:\/\/grammax.com.br\/wp-content\/uploads\/2022\/08\/2-1-150x150.png 150w, http:\/\/grammax.com.br\/wp-content\/uploads\/2022\/08\/2-1-768x768.png 768w, http:\/\/grammax.com.br\/wp-content\/uploads\/2022\/08\/2-1-60x60.png 60w, http:\/\/grammax.com.br\/wp-content\/uploads\/2022\/08\/2-1.png 1080w\" sizes=\"(max-width: 1024px) 100vw, 1024px\" \/><\/a><\/figure>\n<div class=\"wp-block-media-text__content\">\n<p class=\"has-text-color has-large-font-size\" style=\"color: #0e8800;\"><strong>Grampo TOT<\/strong><\/p>\n<p>Os grampos para alceadores s\u00e3o confeccionados sem excesso de cola e com mat\u00e9rias primas de alta qualidade, proporcionando maciez ao produto o que facilita o grampeamento.\u00a0<\/p>\n<p>A embalagem contem 4.800 grampos.<\/p>\n<\/div>\n<\/div>\n<p>\u00a0<\/p>\n<!-- \/wp:group --><!-- wp:media-text {\"mediaId\":410,\"mediaLink\":\"http:\/\/grammax.com.br\/?attachment_id=410\",\"linkDestination\":\"custom\",\"mediaType\":\"image\",\"mediaWidth\":29} -->\n<div class=\"wp-block-media-text alignwide is-stacked-on-mobile\" style=\"grid-template-columns: 29% auto;\">\n<figure class=\"wp-block-media-text__media\"><a href=\"http:\/\/grammax.com.br\/wp-content\/uploads\/2022\/04\/4-1.png\" target=\"_blank\" rel=\"noopener\"><img loading=\"lazy\" width=\"1024\" height=\"1024\" class=\"wp-image-410 size-full\" src=\"http:\/\/grammax.com.br\/wp-content\/uploads\/2022\/08\/4-1-1024x1024.png\" alt=\"\" srcset=\"http:\/\/grammax.com.br\/wp-content\/uploads\/2022\/08\/4-1-1024x1024.png 1024w, http:\/\/grammax.com.br\/wp-content\/uploads\/2022\/08\/4-1-300x300.png 300w, http:\/\/grammax.com.br\/wp-content\/uploads\/2022\/08\/4-1-150x150.png 150w, http:\/\/grammax.com.br\/wp-content\/uploads\/2022\/08\/4-1-768x768.png 768w, http:\/\/grammax.com.br\/wp-content\/uploads\/2022\/08\/4-1-60x60.png 60w, http:\/\/grammax.com.br\/wp-content\/uploads\/2022\/08\/4-1.png 1080w\" sizes=\"(max-width: 1024px) 100vw, 1024px\" \/><\/a><\/figure>\n<div class=\"wp-block-media-text__content\">\n<p class=\"has-text-color has-large-font-size\" style=\"color: #0e8800;\"><strong>Fita Reciclada Colorida<\/strong><\/p>\n<p>Desenvolvido com material reciclado de alta qualidade\u00a0<br \/>Utilizado junto ao grampo 6\/4 para dar sustenta\u00e7\u00e3o do galho da videira, hortali\u00e7as cultivadas em estufas, mudas, etc.<br \/>O di\u00e2metro do rolo \u00e9 padronizado para encaixar no estojo do grampeador\/cintador.<\/p>\n<p>Largura da fita: 11 mm<br \/>Comprimento da fita: 30 metros<\/p>\n<p>\u00a0<\/p>\n<\/div>\n<\/div>\n<!-- \/wp:media-text --><!-- wp:separator -->\n<div class=\"wp-block-media-text alignwide is-stacked-on-mobile\" style=\"grid-template-columns: 29% auto;\">\n<figure class=\"wp-block-media-text__media\"><a href=\"http:\/\/grammax.com.br\/wp-content\/uploads\/2022\/04\/3-1.png\" target=\"_blank\" rel=\"noopener\"><img loading=\"lazy\" width=\"1024\" height=\"1024\" class=\"wp-image-412 size-full\" src=\"http:\/\/grammax.com.br\/wp-content\/uploads\/2022\/08\/3-1-1024x1024.png\" alt=\"\" srcset=\"http:\/\/grammax.com.br\/wp-content\/uploads\/2022\/08\/3-1-1024x1024.png 1024w, http:\/\/grammax.com.br\/wp-content\/uploads\/2022\/08\/3-1-300x300.png 300w, http:\/\/grammax.com.br\/wp-content\/uploads\/2022\/08\/3-1-150x150.png 150w, http:\/\/grammax.com.br\/wp-content\/uploads\/2022\/08\/3-1-768x768.png 768w, http:\/\/grammax.com.br\/wp-content\/uploads\/2022\/08\/3-1-60x60.png 60w, http:\/\/grammax.com.br\/wp-content\/uploads\/2022\/08\/3-1.png 1080w\" sizes=\"(max-width: 1024px) 100vw, 1024px\" \/><\/a><\/figure>\n<div class=\"wp-block-media-text__content\"><!-- wp:paragraph {\"placeholder\":\"Conte\u00fado...\",\"style\":{\"color\":{\"text\":\"#0e8800\"}},\"fontSize\":\"large\"} -->\n<p class=\"has-text-color has-large-font-size\" style=\"color: #0e8800;\"><strong>Fita Reciclada Preta<\/strong><\/p>\n<!-- \/wp:paragraph --><!-- wp:paragraph -->\n<p>Desenvolvido com material reciclado.\u00a0<br \/>Utilizado junto ao grampo 6\/4 para dar sustenta\u00e7\u00e3o do galho da videira, hortali\u00e7as cultivadas em estufas, mudas, etc.<br \/>O di\u00e2metro do rolo \u00e9 padronizado para encaixar no estojo do grampeador\/cintador. Resistencia inferior comparada com a Fita Reciclada Colorida.<\/p>\n<!-- \/wp:paragraph --><!-- wp:paragraph -->\n<p>Largura da fita: 11 mm<br \/>Comprimento da fita: 30 metros<\/p>\n<p>\u00a0<\/p>\n<p>\u00a0<\/p>\n<!-- \/wp:paragraph --><\/div>\n<\/div>\n<!-- \/wp:media-text --><!-- wp:separator -->\n<div class=\"wp-block-media-text alignwide is-stacked-on-mobile\" style=\"grid-template-columns: 29% auto;\">\n<figure class=\"wp-block-media-text__media\"><a href=\"http:\/\/grammax.com.br\/wp-content\/uploads\/2022\/08\/GRAMPO-64-Utilizado-para-dar-sustentacao-do-galho-da-videira-hortalicas-cultivadas-em-estufas-mudas-etc.-Embalagem-com-4.800-grampos.-13.png\" target=\"_blank\" rel=\"noopener\"><img loading=\"lazy\" class=\"alignnone wp-image-415 size-full\" src=\"http:\/\/grammax.com.br\/wp-content\/uploads\/2022\/08\/Design-sem-nome-96-1.png\" alt=\"\" width=\"1080\" height=\"1080\" srcset=\"http:\/\/grammax.com.br\/wp-content\/uploads\/2022\/08\/Design-sem-nome-96-1.png 1080w, http:\/\/grammax.com.br\/wp-content\/uploads\/2022\/08\/Design-sem-nome-96-1-300x300.png 300w, http:\/\/grammax.com.br\/wp-content\/uploads\/2022\/08\/Design-sem-nome-96-1-1024x1024.png 1024w, http:\/\/grammax.com.br\/wp-content\/uploads\/2022\/08\/Design-sem-nome-96-1-150x150.png 150w, http:\/\/grammax.com.br\/wp-content\/uploads\/2022\/08\/Design-sem-nome-96-1-768x768.png 768w, http:\/\/grammax.com.br\/wp-content\/uploads\/2022\/08\/Design-sem-nome-96-1-60x60.png 60w\" sizes=\"(max-width: 1080px) 100vw, 1080px\" \/><\/a><\/figure>\n<div class=\"wp-block-media-text__content\"><!-- wp:paragraph {\"placeholder\":\"Conte\u00fado...\",\"style\":{\"color\":{\"text\":\"#0e8800\"}},\"fontSize\":\"large\"} -->\n<p class=\"has-text-color has-large-font-size\" style=\"color: #0e8800;\"><strong>Grampo 80<\/strong><\/p>\n<!-- \/wp:paragraph --><!-- wp:paragraph -->\n<p>Os\u00a0grampos da linha 80\u00a0s\u00e3o ideais para\u00a0tape\u00e7aria, bancos, acess\u00f3rios automotivos,\u00a0aplica\u00e7\u00e3o de espuma\u00a0e\u00a0estofamento de cadeiras, al\u00e9m de cintas el\u00e1sticas, telas,\u00a0decora\u00e7\u00e3o,\u00a0portas de compensado e muito utilizado tamb\u00e9m na fabrica\u00e7\u00e3o de m\u00f3veis\u00a0em geral.<\/p>\n<!-- \/wp:paragraph --><!-- wp:paragraph -->\n<p>Modelos:<br \/>80\/04, 80\/06, 80\/08, 80\/10, 80\/12, 80\/14 e 80\/16.<\/p>\n<p>\u00a0<\/p>\n<!-- \/wp:paragraph --><\/div>\n<\/div>\n<!-- \/wp:media-text -->\t\t\t\t\t\t<\/div>\n\t\t\t\t<\/div>\n\t\t\t\t\t<\/div>\n\t\t<\/div>\n\t\t\t\t\t\t\t<\/div>\n\t\t<\/section>\n\t\t\t\t\t\t\t<\/div>\n\t\t","protected":false},"excerpt":{"rendered":"<p>\u00a0 Grampo 6\/4 Os grampos para alceadores s\u00e3o confeccionados sem excesso de cola e com mat\u00e9rias primas de alta qualidade, proporcionando maciez ao produto o que facilita o grampeamento.\u00a0 A embalagem contem 4.800 grampos. \u00a0 \u00a0 Grampo TOT Os grampos para alceadores s\u00e3o confeccionados sem excesso de cola e com mat\u00e9rias primas de alta qualidade, &hellip; <\/p>\n<p class=\"link-more\"><a href=\"http:\/\/grammax.com.br\/?page_id=45\" class=\"more-link\">Leia mais<span class=\"screen-reader-text\"> &#8220;PRODUTOS&#8221;<\/span><\/a><\/p>\n","protected":false},"author":1,"featured_media":141,"parent":0,"menu_order":0,"comment_status":"closed","ping_status":"closed","template":"","meta":[],"_links":{"self":[{"href":"http:\/\/grammax.com.br\/index.php?rest_route=\/wp\/v2\/pages\/45"}],"collection":[{"href":"http:\/\/grammax.com.br\/index.php?rest_route=\/wp\/v2\/pages"}],"about":[{"href":"http:\/\/grammax.com.br\/index.php?rest_route=\/wp\/v2\/types\/page"}],"author":[{"embeddable":true,"href":"http:\/\/grammax.com.br\/index.php?rest_route=\/wp\/v2\/users\/1"}],"replies":[{"embeddable":true,"href":"http:\/\/grammax.com.br\/index.php?rest_route=%2Fwp%2Fv2%2Fcomments&post=45"}],"version-history":[{"count":64,"href":"http:\/\/grammax.com.br\/index.php?rest_route=\/wp\/v2\/pages\/45\/revisions"}],"predecessor-version":[{"id":489,"href":"http:\/\/grammax.com.br\/index.php?rest_route=\/wp\/v2\/pages\/45\/revisions\/489"}],"wp:featuredmedia":[{"embeddable":true,"href":"http:\/\/grammax.com.br\/index.php?rest_route=\/wp\/v2\/media\/141"}],"wp:attachment":[{"href":"http:\/\/grammax.com.br\/index.php?rest_route=%2Fwp%2Fv2%2Fmedia&parent=45"}],"curies":[{"name":"wp","href":"https:\/\/api.w.org\/{rel}","templated":true}]}}